{"id":1056,"date":"2025-12-11T08:42:52","date_gmt":"2025-12-11T08:42:52","guid":{"rendered":"https:\/\/shop.drklauns.lv\/?post_type=product&#038;p=1056"},"modified":"2026-03-08T22:25:52","modified_gmt":"2026-03-08T22:25:52","slug":"gramata-daktera-klauna-brinumainas-speles","status":"publish","type":"product","link":"https:\/\/shop.drklauns.lv\/en\/product\/gramata-daktera-klauna-brinumainas-speles\/","title":{"rendered":"Book | Daktera klauna br\u012bnumain\u0101s sp\u0113les"},"content":{"rendered":"<p data-path-to-node=\"0\"><b>&#8220;Daktera klauna br\u012bnumain\u0101s sp\u0113les&#8221; <\/b>is a touching and inspiring story-diary about how humanity, endowed with a red clown nose, triumphs in moments of illness and helplessness.<\/p>\n<p>The authors of the book \u2013 Igors Narovskis, artistic director of the charity organization &#8220;Dr.Klauns&#8221; and philologist Natalya Politsya \u2013 allow us to look into the wonderful world of Dr. Clowns, where pain and despair turn into laughter in hospital wards.<\/p>\n<p>This work is like a power cookbook for everyone. In it you will find not only heartfelt stories that will make you keep a tissue at hand, but also a series of very simple and effective recipes for joy and techniques for &#8220;connecting&#8221; and &#8220;switching&#8221; a child or teenager who is stuck in sadness or depression.<\/p>\n<p>As writer Zane Zusta writes, &#8220;The inner freedom of a clown child is contagious.&#8221; From this book, parents and anyone who works with children will gain encouragement and skills to act courageously even when it seems no one knows how to help.<\/p>\n<p>Krist\u012bne Garkl\u0101va calls it a powerful and thought-provoking message: &#8220;Doctor Clowns are special people&#8230; the authors of the book allow us to travel to this planet &#8211; of love and courage.&#8221;<\/p>\n<p>Discover the magic hidden in the red nose and learn how each of us can work miracles!<\/p>\n","protected":false},"excerpt":{"rendered":"<p data-path-to-node=\"0\"><b>&#8220;Daktera klauna br\u012bnumain\u0101s sp\u0113les&#8221;<\/b> are touching and inspiring therapeutic stories about how humanity, endowed with a red clown nose, triumphs in moments of illness and powerlessness.<\/p>\n<p data-path-to-node=\"6\">\n","protected":false},"featured_media":1400,"comment_status":"open","ping_status":"closed","template":"","meta":{"inline_featured_image":false},"product_brand":[],"product_cat":[45],"product_tag":[],"class_list":{"0":"post-1056","1":"product","2":"type-product","3":"status-publish","4":"has-post-thumbnail","6":"product_cat-gift","8":"first","9":"instock","10":"shipping-taxable","11":"purchasable","12":"product-type-simple"},"_links":{"self":[{"href":"https:\/\/shop.drklauns.lv\/en\/wp-json\/wp\/v2\/product\/1056","targetHints":{"allow":["GET"]}}],"collection":[{"href":"https:\/\/shop.drklauns.lv\/en\/wp-json\/wp\/v2\/product"}],"about":[{"href":"https:\/\/shop.drklauns.lv\/en\/wp-json\/wp\/v2\/types\/product"}],"replies":[{"embeddable":true,"href":"https:\/\/shop.drklauns.lv\/en\/wp-json\/wp\/v2\/comments?post=1056"}],"wp:featuredmedia":[{"embeddable":true,"href":"https:\/\/shop.drklauns.lv\/en\/wp-json\/wp\/v2\/media\/1400"}],"wp:attachment":[{"href":"https:\/\/shop.drklauns.lv\/en\/wp-json\/wp\/v2\/media?parent=1056"}],"wp:term":[{"taxonomy":"product_brand","embeddable":true,"href":"https:\/\/shop.drklauns.lv\/en\/wp-json\/wp\/v2\/product_brand?post=1056"},{"taxonomy":"product_cat","embeddable":true,"href":"https:\/\/shop.drklauns.lv\/en\/wp-json\/wp\/v2\/product_cat?post=1056"},{"taxonomy":"product_tag","embeddable":true,"href":"https:\/\/shop.drklauns.lv\/en\/wp-json\/wp\/v2\/product_tag?post=1056"}],"curies":[{"name":"wp","href":"https:\/\/api.w.org\/{rel}","templated":true}]}}